{"id":401,"date":"2026-03-11T20:22:03","date_gmt":"2026-03-11T20:22:03","guid":{"rendered":"https:\/\/piscine-biominerale.fr\/?page_id=401"},"modified":"2026-03-15T14:52:01","modified_gmt":"2026-03-15T14:52:01","slug":"bassin-de-baignade-residentiel","status":"publish","type":"page","link":"https:\/\/piscine-biominerale.fr\/index.php\/bassin-de-baignade-residentiel\/","title":{"rendered":"\u00ab\u00a0Bassin de baignade\u00a0\u00bb R\u00e9sidentiel"},"content":{"rendered":"\n<div class=\"wp-block-group alignfull is-layout-flow wp-block-group-is-layout-flow\">\n<div class=\"wp-block-group alignfull superbthemes-navigation-004 is-layout-flow wp-block-group-is-layout-flow\" style=\"margin-top:0;margin-bottom:0\">\n<div class=\"wp-block-cover is-light\" style=\"margin-top:0;margin-bottom:0;padding-top:var(--wp--preset--spacing--superbspacing-xxlarge);padding-right:var(--wp--preset--spacing--superbspacing-small);padding-bottom:var(--wp--preset--spacing--superbspacing-xxlarge);padding-left:var(--wp--preset--spacing--superbspacing-small)\"><img loading=\"lazy\" decoding=\"async\" width=\"1024\" height=\"683\" data-attachment-id=\"408\" data-permalink=\"https:\/\/piscine-biominerale.fr\/index.php\/bassin-de-baignade-residentiel\/tswim-filtration-biominerale-piscine\/\" data-orig-file=\"https:\/\/piscine-biominerale.fr\/wp-content\/uploads\/2026\/03\/Tswim-filtration-biominerale-piscine.png\" data-orig-size=\"1536,1024\" data-comments-opened=\"1\" data-image-meta=\"{&quot;aperture&quot;:&quot;0&quot;,&quot;credit&quot;:&quot;&quot;,&quot;camera&quot;:&quot;&quot;,&quot;caption&quot;:&quot;&quot;,&quot;created_timestamp&quot;:&quot;0&quot;,&quot;copyright&quot;:&quot;&quot;,&quot;focal_length&quot;:&quot;0&quot;,&quot;iso&quot;:&quot;0&quot;,&quot;shutter_speed&quot;:&quot;0&quot;,&quot;title&quot;:&quot;&quot;,&quot;orientation&quot;:&quot;0&quot;}\" data-image-title=\"Tswim-filtration biomin\u00e9rale-piscine\" data-image-description=\"\" data-image-caption=\"\" data-medium-file=\"https:\/\/piscine-biominerale.fr\/wp-content\/uploads\/2026\/03\/Tswim-filtration-biominerale-piscine-300x200.png\" data-large-file=\"https:\/\/piscine-biominerale.fr\/wp-content\/uploads\/2026\/03\/Tswim-filtration-biominerale-piscine-1024x683.png\" class=\"wp-block-cover__image-background wp-image-408 size-large\" alt=\"\" src=\"https:\/\/piscine-biominerale.fr\/wp-content\/uploads\/2026\/03\/Tswim-filtration-biominerale-piscine-1024x683.png\" data-object-fit=\"cover\" srcset=\"https:\/\/piscine-biominerale.fr\/wp-content\/uploads\/2026\/03\/Tswim-filtration-biominerale-piscine-1024x683.png 1024w, https:\/\/piscine-biominerale.fr\/wp-content\/uploads\/2026\/03\/Tswim-filtration-biominerale-piscine-300x200.png 300w, https:\/\/piscine-biominerale.fr\/wp-content\/uploads\/2026\/03\/Tswim-filtration-biominerale-piscine-768x512.png 768w, https:\/\/piscine-biominerale.fr\/wp-content\/uploads\/2026\/03\/Tswim-filtration-biominerale-piscine.png 1536w\" sizes=\"auto, (max-width: 1024px) 100vw, 1024px\" \/><span aria-hidden=\"true\" class=\"wp-block-cover__background has-background-dim-0 has-background-dim\" style=\"background-color:#888888\"><\/span><div class=\"wp-block-cover__inner-container has-global-padding is-layout-constrained wp-container-core-cover-is-layout-c988a726 wp-block-cover-is-layout-constrained\">\n<p class=\"has-text-align-center has-large-font-size\"><\/p>\n<\/div><\/div>\n\n\n\n<div class=\"wp-block-cover is-light\" style=\"margin-top:0;margin-bottom:0;padding-top:var(--wp--preset--spacing--superbspacing-xxlarge);padding-right:var(--wp--preset--spacing--superbspacing-small);padding-bottom:var(--wp--preset--spacing--superbspacing-xxlarge);padding-left:var(--wp--preset--spacing--superbspacing-small)\"><img loading=\"lazy\" decoding=\"async\" width=\"1024\" height=\"569\" data-attachment-id=\"402\" data-permalink=\"https:\/\/piscine-biominerale.fr\/creativity-hub-hero22-jpg\/\" data-orig-file=\"https:\/\/piscine-biominerale.fr\/wp-content\/uploads\/2026\/03\/creativity-hub-hero22.jpg\" data-orig-size=\"1440,800\" data-comments-opened=\"1\" data-image-meta=\"{&quot;aperture&quot;:&quot;0&quot;,&quot;credit&quot;:&quot;&quot;,&quot;camera&quot;:&quot;&quot;,&quot;caption&quot;:&quot;&quot;,&quot;created_timestamp&quot;:&quot;0&quot;,&quot;copyright&quot;:&quot;&quot;,&quot;focal_length&quot;:&quot;0&quot;,&quot;iso&quot;:&quot;0&quot;,&quot;shutter_speed&quot;:&quot;0&quot;,&quot;title&quot;:&quot;&quot;,&quot;orientation&quot;:&quot;1&quot;}\" data-image-title=\"creativity-hub-hero22-jpg\" data-image-description=\"\" data-image-caption=\"\" data-medium-file=\"https:\/\/piscine-biominerale.fr\/wp-content\/uploads\/2026\/03\/creativity-hub-hero22-300x167.jpg\" data-large-file=\"https:\/\/piscine-biominerale.fr\/wp-content\/uploads\/2026\/03\/creativity-hub-hero22-1024x569.jpg\" class=\"wp-block-cover__image-background wp-image-402 size-large\" alt=\"\" src=\"https:\/\/piscine-biominerale.fr\/wp-content\/uploads\/2026\/03\/creativity-hub-hero22-1024x569.jpg\" data-object-fit=\"cover\" srcset=\"https:\/\/piscine-biominerale.fr\/wp-content\/uploads\/2026\/03\/creativity-hub-hero22-1024x569.jpg 1024w, https:\/\/piscine-biominerale.fr\/wp-content\/uploads\/2026\/03\/creativity-hub-hero22-300x167.jpg 300w, https:\/\/piscine-biominerale.fr\/wp-content\/uploads\/2026\/03\/creativity-hub-hero22-768x427.jpg 768w, https:\/\/piscine-biominerale.fr\/wp-content\/uploads\/2026\/03\/creativity-hub-hero22.jpg 1440w\" sizes=\"auto, (max-width: 1024px) 100vw, 1024px\" \/><span aria-hidden=\"true\" class=\"wp-block-cover__background has-background-dim-0 has-background-dim\" style=\"background-color:#f1f1f4\"><\/span><div class=\"wp-block-cover__inner-container has-global-padding is-layout-constrained wp-container-core-cover-is-layout-c988a726 wp-block-cover-is-layout-constrained\">\n<div class=\"wp-block-group alignwide has-global-padding is-content-justification-left is-layout-constrained wp-container-core-group-is-layout-839044b3 wp-block-group-is-layout-constrained\">\n<div class=\"wp-block-group alignwide has-global-padding is-layout-constrained wp-block-group-is-layout-constrained\">\n<h1 class=\"wp-block-heading alignwide has-text-align-left has-primary-color has-text-color has-superbfont-xxlarge-font-size\">Vous avez un projet piscine ?<\/h1>\n\n\n\n<p class=\"has-text-align-left has-mono-2-color has-text-color has-superbfont-small-font-size\">Pourquoi choisir une piscine biologique ?<\/p>\n\n\n\n<p>Quand on parle de piscine biologique, beaucoup de personnes imaginent imm\u00e9diatement :<\/p>\n\n\n\n<ul class=\"wp-block-list\">\n<li>des plantes dans l\u2019eau<\/li>\n\n\n\n<li>une lagune<\/li>\n\n\n\n<li>un bassin naturel comme un \u00e9tang<\/li>\n<\/ul>\n\n\n\n<p>Mais <strong>la filtration biologique moderne ne fonctionne pas de cette mani\u00e8re.<\/strong><\/p>\n\n\n\n<div class=\"wp-block-buttons is-layout-flex wp-block-buttons-is-layout-flex\">\n<div class=\"wp-block-button\"><a class=\"wp-block-button__link wp-element-button\" href=\"https:\/\/piscine-biominerale.fr\/index.php\/filtration-biominerale-vitii-ecologique-et-saine\/\">D\u00e9tails<\/a><\/div>\n<\/div>\n\n\n\n<p class=\"has-text-align-left has-mono-2-color has-text-color has-superbfont-small-font-size\">Aujourd\u2019hui, il est possible de profiter des <strong>avantages du biologique<\/strong> tout en conservant <strong>l\u2019esth\u00e9tique d\u2019une piscine classique<\/strong>.<\/p>\n<\/div>\n\n\n\n<div class=\"wp-block-buttons is-layout-flex wp-container-core-buttons-is-layout-69f3c5ca wp-block-buttons-is-layout-flex\">\n<div class=\"wp-block-button is-style-outline is-style-outline--1\"><a class=\"wp-block-button__link has-primary-color has-text-color has-border-color has-mono-3-border-color has-superbfont-small-font-size has-custom-font-size wp-element-button\" style=\"border-width:1px;padding-top:var(--wp--preset--spacing--superbspacing-xsmall);padding-right:var(--wp--preset--spacing--superbspacing-xsmall);padding-bottom:var(--wp--preset--spacing--superbspacing-xsmall);padding-left:var(--wp--preset--spacing--superbspacing-xsmall)\">(+33) 469 966&nbsp;697<\/a><\/div>\n\n\n\n<div class=\"wp-block-button is-style-outline is-style-outline--2\"><a class=\"wp-block-button__link has-primary-color has-text-color has-border-color has-mono-3-border-color has-superbfont-small-font-size has-custom-font-size wp-element-button\" style=\"border-width:1px;padding-top:var(--wp--preset--spacing--superbspacing-xsmall);padding-right:var(--wp--preset--spacing--superbspacing-xsmall);padding-bottom:var(--wp--preset--spacing--superbspacing-xsmall);padding-left:var(--wp--preset--spacing--superbspacing-xsmall)\">contact@tswim-filtrationbiologique.eu<\/a><\/div>\n<\/div>\n<\/div>\n<\/div><\/div>\n<\/div>\n\n\n\n<div class=\"wp-block-group alignfull has-contrast-light-background-color has-background has-global-padding is-layout-constrained wp-container-core-group-is-layout-b7d90ddb wp-block-group-is-layout-constrained\" style=\"margin-top:0;margin-bottom:0;padding-top:var(--wp--preset--spacing--superbspacing-xxlarge);padding-right:var(--wp--preset--spacing--superbspacing-small);padding-bottom:var(--wp--preset--spacing--superbspacing-xxlarge);padding-left:var(--wp--preset--spacing--superbspacing-small)\">\n<h2 class=\"wp-block-heading\">Une piscine biologique moderne : sans plantes ni lagune<\/h2>\n\n\n\n<p>Dans les syst\u00e8mes de filtration biologique actuels, l\u2019\u00e9quilibre de l\u2019eau est assur\u00e9 par :<\/p>\n\n\n\n<p>une <strong>filtration m\u00e9canique tr\u00e8s fine<\/strong><\/p>\n\n\n\n<ul class=\"wp-block-list\">\n<li>une <strong>filtration biologique avanc\u00e9e<\/strong><\/li>\n\n\n\n<li>un <strong>\u00e9quilibre biomim\u00e9tique de l\u2019eau<\/strong><\/li>\n<\/ul>\n\n\n\n<p>Les micro-organismes b\u00e9n\u00e9fiques pr\u00e9sents dans les supports filtrants remplacent le r\u00f4le que jouaient autrefois les plantes dans les lagunes.<\/p>\n\n\n\n<p>R\u00e9sultat :<\/p>\n\n\n\n<ul class=\"wp-block-list\">\n<li>une eau <strong>claire et cristalline<\/strong><\/li>\n\n\n\n<li><strong>aucun chlore<\/strong><\/li>\n\n\n\n<li><strong>aucune odeur chimique<\/strong><\/li>\n\n\n\n<li>une piscine qui <strong>ressemble \u00e0 une piscine traditionnelle<\/strong><\/li>\n<\/ul>\n\n\n\n<hr class=\"wp-block-separator has-alpha-channel-opacity\"\/>\n\n\n\n<h2 class=\"wp-block-heading\">Les avantages d\u2019une piscine biologique<\/h2>\n\n\n\n<p>\u2714 Une eau plus douce pour la peau et les yeux<br>\u2714 Pas d\u2019odeur de chlore<br>\u2714 Moins de produits chimiques<br>\u2714 Une eau plus stable et \u00e9quilibr\u00e9e<br>\u2714 Une meilleure durabilit\u00e9 des \u00e9quipements<\/p>\n\n\n\n<hr class=\"wp-block-separator has-alpha-channel-opacity\"\/>\n\n\n\n<h2 class=\"wp-block-heading\">Une technologie inspir\u00e9e de la nature<\/h2>\n\n\n\n<p>La filtration biologique moderne s\u2019inspire simplement des <strong>\u00e9cosyst\u00e8mes naturels<\/strong>, mais elle est aujourd\u2019hui <strong>pilot\u00e9e par une ing\u00e9nierie hydraulique et des syst\u00e8mes de filtration tr\u00e8s performants<\/strong>.<\/p>\n\n\n\n<p>On ne parle donc plus d\u2019un bassin naturel, mais d\u2019une <strong>piscine \u00e0 eau vivante<\/strong>, o\u00f9 l\u2019\u00e9quilibre de l\u2019eau est maintenu de mani\u00e8re naturelle et contr\u00f4l\u00e9e.<\/p>\n\n\n\n<hr class=\"wp-block-separator has-alpha-channel-opacity\"\/>\n\n\n\n<h2 class=\"wp-block-heading\">Une piscine esth\u00e9tique, naturelle et durable<\/h2>\n\n\n\n<p>Choisir une piscine biologique, c\u2019est donc :<\/p>\n\n\n\n<ul class=\"wp-block-list\">\n<li>garder le <strong>design d\u2019une piscine contemporaine<\/strong><\/li>\n\n\n\n<li>b\u00e9n\u00e9ficier d\u2019une <strong>eau plus saine<\/strong><\/li>\n\n\n\n<li>r\u00e9duire l\u2019impact environnemental<\/li>\n\n\n\n<li>cr\u00e9er un <strong>espace de baignade plus agr\u00e9able et durable<\/strong><\/li>\n<\/ul>\n\n\n\n<h2 class=\"wp-block-heading has-text-align-center\">COMPARAISON SIMPLIFIEE<\/h2>\n<\/div>\n\n\n\n<div class=\"wp-block-group alignfull is-layout-flow wp-container-core-group-is-layout-4fa898ef wp-block-group-is-layout-flow\" style=\"margin-top:0;margin-bottom:0;padding-top:0;padding-bottom:0\">\n<figure class=\"wp-block-image aligncenter size-full\"><img decoding=\"async\" data-attachment-id=\"414\" data-permalink=\"https:\/\/piscine-biominerale.fr\/index.php\/bassin-de-baignade-residentiel\/tswim-schema-explication-filtrations-3\/\" data-orig-file=\"https:\/\/piscine-biominerale.fr\/wp-content\/uploads\/2026\/03\/Tswim-schema-explication-filtrations-3.png\" data-orig-size=\"\" data-comments-opened=\"1\" data-image-meta=\"[]\" data-image-title=\"Tswim-schema explication filtrations (3)\" data-image-description=\"\" data-image-caption=\"\" data-medium-file=\"https:\/\/piscine-biominerale.fr\/wp-content\/uploads\/2026\/03\/Tswim-schema-explication-filtrations-3.png\" data-large-file=\"https:\/\/piscine-biominerale.fr\/wp-content\/uploads\/2026\/03\/Tswim-schema-explication-filtrations-3.png\" src=\"https:\/\/piscine-biominerale.fr\/wp-content\/uploads\/2026\/03\/Tswim-schema-explication-filtrations-3.png\" alt=\"\" class=\"wp-image-414\"\/><\/figure>\n<\/div>\n<\/div>\n\n\n\n<div class=\"wp-block-buttons is-content-justification-center is-layout-flex wp-container-core-buttons-is-layout-a89b3969 wp-block-buttons-is-layout-flex\">\n<div class=\"wp-block-button\"><a class=\"wp-block-button__link has-text-align-center wp-element-button\" href=\"https:\/\/piscine-biominerale.fr\/index.php\/rencontre\/\">Rencontre<\/a><\/div>\n<\/div>\n","protected":false},"excerpt":{"rendered":"<p>Une piscine biologique moderne : sans plantes ni lagune Dans les syst\u00e8mes de filtration biologique actuels, l\u2019\u00e9quilibre de l\u2019eau est assur\u00e9 par : une filtration m\u00e9canique tr\u00e8s fine Les micro-organismes b\u00e9n\u00e9fiques pr\u00e9sents dans les supports filtrants remplacent le r\u00f4le que jouaient autrefois les plantes dans les lagunes. R\u00e9sultat : Les avantages d\u2019une piscine biologique \u2714 [&hellip;]<\/p>\n","protected":false},"author":1,"featured_media":0,"parent":0,"menu_order":0,"comment_status":"closed","ping_status":"closed","template":"superbaddons-page-template","meta":{"jetpack_post_was_ever_published":false,"footnotes":""},"class_list":["post-401","page","type-page","status-publish","hentry"],"yoast_head":"<!-- This site is optimized with the Yoast SEO plugin v27.3 - https:\/\/yoast.com\/product\/yoast-seo-wordpress\/ -->\n<title>&quot;Bassin de baignade&quot; R\u00e9sidentiel - Piscine naturelle<\/title>\n<meta name=\"robots\" content=\"index, follow, max-snippet:-1, max-image-preview:large, max-video-preview:-1\" \/>\n<link rel=\"canonical\" href=\"https:\/\/piscine-biominerale.fr\/index.php\/bassin-de-baignade-residentiel\/\" \/>\n<meta property=\"og:locale\" content=\"fr_FR\" \/>\n<meta property=\"og:type\" content=\"article\" \/>\n<meta property=\"og:title\" content=\"&quot;Bassin de baignade&quot; R\u00e9sidentiel - Piscine naturelle\" \/>\n<meta property=\"og:description\" content=\"Une piscine biologique moderne : sans plantes ni lagune Dans les syst\u00e8mes de filtration biologique actuels, l\u2019\u00e9quilibre de l\u2019eau est assur\u00e9 par : une filtration m\u00e9canique tr\u00e8s fine Les micro-organismes b\u00e9n\u00e9fiques pr\u00e9sents dans les supports filtrants remplacent le r\u00f4le que jouaient autrefois les plantes dans les lagunes. R\u00e9sultat : Les avantages d\u2019une piscine biologique \u2714 [&hellip;]\" \/>\n<meta property=\"og:url\" content=\"https:\/\/piscine-biominerale.fr\/index.php\/bassin-de-baignade-residentiel\/\" \/>\n<meta property=\"og:site_name\" content=\"Piscine naturelle\" \/>\n<meta property=\"article:modified_time\" content=\"2026-03-15T14:52:01+00:00\" \/>\n<meta property=\"og:image\" content=\"https:\/\/piscine-biominerale.fr\/wp-content\/uploads\/2026\/03\/Tswim-filtration-biominerale-piscine-1024x683.png\" \/>\n\t<meta property=\"og:image:width\" content=\"1024\" \/>\n\t<meta property=\"og:image:height\" content=\"683\" \/>\n\t<meta property=\"og:image:type\" content=\"image\/png\" \/>\n<meta name=\"twitter:card\" content=\"summary_large_image\" \/>\n<meta name=\"twitter:label1\" content=\"Dur\u00e9e de lecture estim\u00e9e\" \/>\n\t<meta name=\"twitter:data1\" content=\"2 minutes\" \/>\n<script type=\"application\/ld+json\" class=\"yoast-schema-graph\">{\"@context\":\"https:\\\/\\\/schema.org\",\"@graph\":[{\"@type\":\"WebPage\",\"@id\":\"https:\\\/\\\/piscine-biominerale.fr\\\/index.php\\\/bassin-de-baignade-residentiel\\\/\",\"url\":\"https:\\\/\\\/piscine-biominerale.fr\\\/index.php\\\/bassin-de-baignade-residentiel\\\/\",\"name\":\"\\\"Bassin de baignade\\\" R\u00e9sidentiel - Piscine naturelle\",\"isPartOf\":{\"@id\":\"https:\\\/\\\/piscine-biominerale.fr\\\/#website\"},\"primaryImageOfPage\":{\"@id\":\"https:\\\/\\\/piscine-biominerale.fr\\\/index.php\\\/bassin-de-baignade-residentiel\\\/#primaryimage\"},\"image\":{\"@id\":\"https:\\\/\\\/piscine-biominerale.fr\\\/index.php\\\/bassin-de-baignade-residentiel\\\/#primaryimage\"},\"thumbnailUrl\":\"https:\\\/\\\/piscine-biominerale.fr\\\/wp-content\\\/uploads\\\/2026\\\/03\\\/Tswim-filtration-biominerale-piscine-1024x683.png\",\"datePublished\":\"2026-03-11T20:22:03+00:00\",\"dateModified\":\"2026-03-15T14:52:01+00:00\",\"breadcrumb\":{\"@id\":\"https:\\\/\\\/piscine-biominerale.fr\\\/index.php\\\/bassin-de-baignade-residentiel\\\/#breadcrumb\"},\"inLanguage\":\"fr-FR\",\"potentialAction\":[{\"@type\":\"ReadAction\",\"target\":[\"https:\\\/\\\/piscine-biominerale.fr\\\/index.php\\\/bassin-de-baignade-residentiel\\\/\"]}]},{\"@type\":\"ImageObject\",\"inLanguage\":\"fr-FR\",\"@id\":\"https:\\\/\\\/piscine-biominerale.fr\\\/index.php\\\/bassin-de-baignade-residentiel\\\/#primaryimage\",\"url\":\"https:\\\/\\\/piscine-biominerale.fr\\\/wp-content\\\/uploads\\\/2026\\\/03\\\/Tswim-filtration-biominerale-piscine.png\",\"contentUrl\":\"https:\\\/\\\/piscine-biominerale.fr\\\/wp-content\\\/uploads\\\/2026\\\/03\\\/Tswim-filtration-biominerale-piscine.png\",\"width\":1536,\"height\":1024},{\"@type\":\"BreadcrumbList\",\"@id\":\"https:\\\/\\\/piscine-biominerale.fr\\\/index.php\\\/bassin-de-baignade-residentiel\\\/#breadcrumb\",\"itemListElement\":[{\"@type\":\"ListItem\",\"position\":1,\"name\":\"Home\",\"item\":\"https:\\\/\\\/piscine-biominerale.fr\\\/\"},{\"@type\":\"ListItem\",\"position\":2,\"name\":\"\u00ab\u00a0Bassin de baignade\u00a0\u00bb R\u00e9sidentiel\"}]},{\"@type\":\"WebSite\",\"@id\":\"https:\\\/\\\/piscine-biominerale.fr\\\/#website\",\"url\":\"https:\\\/\\\/piscine-biominerale.fr\\\/\",\"name\":\"Bassin de baignade\",\"description\":\"\",\"publisher\":{\"@id\":\"https:\\\/\\\/piscine-biominerale.fr\\\/#organization\"},\"potentialAction\":[{\"@type\":\"SearchAction\",\"target\":{\"@type\":\"EntryPoint\",\"urlTemplate\":\"https:\\\/\\\/piscine-biominerale.fr\\\/?s={search_term_string}\"},\"query-input\":{\"@type\":\"PropertyValueSpecification\",\"valueRequired\":true,\"valueName\":\"search_term_string\"}}],\"inLanguage\":\"fr-FR\"},{\"@type\":\"Organization\",\"@id\":\"https:\\\/\\\/piscine-biominerale.fr\\\/#organization\",\"name\":\"Bassin de baignade\",\"url\":\"https:\\\/\\\/piscine-biominerale.fr\\\/\",\"logo\":{\"@type\":\"ImageObject\",\"inLanguage\":\"fr-FR\",\"@id\":\"https:\\\/\\\/piscine-biominerale.fr\\\/#\\\/schema\\\/logo\\\/image\\\/\",\"url\":\"https:\\\/\\\/piscine-biominerale.fr\\\/wp-content\\\/uploads\\\/2026\\\/02\\\/Tswim-logo-noir-et-blanc.png\",\"contentUrl\":\"https:\\\/\\\/piscine-biominerale.fr\\\/wp-content\\\/uploads\\\/2026\\\/02\\\/Tswim-logo-noir-et-blanc.png\",\"width\":1024,\"height\":1536,\"caption\":\"Bassin de baignade\"},\"image\":{\"@id\":\"https:\\\/\\\/piscine-biominerale.fr\\\/#\\\/schema\\\/logo\\\/image\\\/\"},\"sameAs\":[\"https:\\\/\\\/www.linkedin.com\\\/company\\\/t-swim\\\/?viewAsMember=true\",\"https:\\\/\\\/www.instagram.com\\\/tswim_filtration_biominerale\\\/\"]}]}<\/script>\n<!-- \/ Yoast SEO plugin. -->","yoast_head_json":{"title":"\"Bassin de baignade\" R\u00e9sidentiel - Piscine naturelle","robots":{"index":"index","follow":"follow","max-snippet":"max-snippet:-1","max-image-preview":"max-image-preview:large","max-video-preview":"max-video-preview:-1"},"canonical":"https:\/\/piscine-biominerale.fr\/index.php\/bassin-de-baignade-residentiel\/","og_locale":"fr_FR","og_type":"article","og_title":"\"Bassin de baignade\" R\u00e9sidentiel - Piscine naturelle","og_description":"Une piscine biologique moderne : sans plantes ni lagune Dans les syst\u00e8mes de filtration biologique actuels, l\u2019\u00e9quilibre de l\u2019eau est assur\u00e9 par : une filtration m\u00e9canique tr\u00e8s fine Les micro-organismes b\u00e9n\u00e9fiques pr\u00e9sents dans les supports filtrants remplacent le r\u00f4le que jouaient autrefois les plantes dans les lagunes. R\u00e9sultat : Les avantages d\u2019une piscine biologique \u2714 [&hellip;]","og_url":"https:\/\/piscine-biominerale.fr\/index.php\/bassin-de-baignade-residentiel\/","og_site_name":"Piscine naturelle","article_modified_time":"2026-03-15T14:52:01+00:00","og_image":[{"width":1024,"height":683,"url":"https:\/\/piscine-biominerale.fr\/wp-content\/uploads\/2026\/03\/Tswim-filtration-biominerale-piscine-1024x683.png","type":"image\/png"}],"twitter_card":"summary_large_image","twitter_misc":{"Dur\u00e9e de lecture estim\u00e9e":"2 minutes"},"schema":{"@context":"https:\/\/schema.org","@graph":[{"@type":"WebPage","@id":"https:\/\/piscine-biominerale.fr\/index.php\/bassin-de-baignade-residentiel\/","url":"https:\/\/piscine-biominerale.fr\/index.php\/bassin-de-baignade-residentiel\/","name":"\"Bassin de baignade\" R\u00e9sidentiel - Piscine naturelle","isPartOf":{"@id":"https:\/\/piscine-biominerale.fr\/#website"},"primaryImageOfPage":{"@id":"https:\/\/piscine-biominerale.fr\/index.php\/bassin-de-baignade-residentiel\/#primaryimage"},"image":{"@id":"https:\/\/piscine-biominerale.fr\/index.php\/bassin-de-baignade-residentiel\/#primaryimage"},"thumbnailUrl":"https:\/\/piscine-biominerale.fr\/wp-content\/uploads\/2026\/03\/Tswim-filtration-biominerale-piscine-1024x683.png","datePublished":"2026-03-11T20:22:03+00:00","dateModified":"2026-03-15T14:52:01+00:00","breadcrumb":{"@id":"https:\/\/piscine-biominerale.fr\/index.php\/bassin-de-baignade-residentiel\/#breadcrumb"},"inLanguage":"fr-FR","potentialAction":[{"@type":"ReadAction","target":["https:\/\/piscine-biominerale.fr\/index.php\/bassin-de-baignade-residentiel\/"]}]},{"@type":"ImageObject","inLanguage":"fr-FR","@id":"https:\/\/piscine-biominerale.fr\/index.php\/bassin-de-baignade-residentiel\/#primaryimage","url":"https:\/\/piscine-biominerale.fr\/wp-content\/uploads\/2026\/03\/Tswim-filtration-biominerale-piscine.png","contentUrl":"https:\/\/piscine-biominerale.fr\/wp-content\/uploads\/2026\/03\/Tswim-filtration-biominerale-piscine.png","width":1536,"height":1024},{"@type":"BreadcrumbList","@id":"https:\/\/piscine-biominerale.fr\/index.php\/bassin-de-baignade-residentiel\/#breadcrumb","itemListElement":[{"@type":"ListItem","position":1,"name":"Home","item":"https:\/\/piscine-biominerale.fr\/"},{"@type":"ListItem","position":2,"name":"\u00ab\u00a0Bassin de baignade\u00a0\u00bb R\u00e9sidentiel"}]},{"@type":"WebSite","@id":"https:\/\/piscine-biominerale.fr\/#website","url":"https:\/\/piscine-biominerale.fr\/","name":"Bassin de baignade","description":"","publisher":{"@id":"https:\/\/piscine-biominerale.fr\/#organization"},"potentialAction":[{"@type":"SearchAction","target":{"@type":"EntryPoint","urlTemplate":"https:\/\/piscine-biominerale.fr\/?s={search_term_string}"},"query-input":{"@type":"PropertyValueSpecification","valueRequired":true,"valueName":"search_term_string"}}],"inLanguage":"fr-FR"},{"@type":"Organization","@id":"https:\/\/piscine-biominerale.fr\/#organization","name":"Bassin de baignade","url":"https:\/\/piscine-biominerale.fr\/","logo":{"@type":"ImageObject","inLanguage":"fr-FR","@id":"https:\/\/piscine-biominerale.fr\/#\/schema\/logo\/image\/","url":"https:\/\/piscine-biominerale.fr\/wp-content\/uploads\/2026\/02\/Tswim-logo-noir-et-blanc.png","contentUrl":"https:\/\/piscine-biominerale.fr\/wp-content\/uploads\/2026\/02\/Tswim-logo-noir-et-blanc.png","width":1024,"height":1536,"caption":"Bassin de baignade"},"image":{"@id":"https:\/\/piscine-biominerale.fr\/#\/schema\/logo\/image\/"},"sameAs":["https:\/\/www.linkedin.com\/company\/t-swim\/?viewAsMember=true","https:\/\/www.instagram.com\/tswim_filtration_biominerale\/"]}]}},"jetpack_sharing_enabled":true,"_links":{"self":[{"href":"https:\/\/piscine-biominerale.fr\/index.php\/wp-json\/wp\/v2\/pages\/401","targetHints":{"allow":["GET"]}}],"collection":[{"href":"https:\/\/piscine-biominerale.fr\/index.php\/wp-json\/wp\/v2\/pages"}],"about":[{"href":"https:\/\/piscine-biominerale.fr\/index.php\/wp-json\/wp\/v2\/types\/page"}],"author":[{"embeddable":true,"href":"https:\/\/piscine-biominerale.fr\/index.php\/wp-json\/wp\/v2\/users\/1"}],"replies":[{"embeddable":true,"href":"https:\/\/piscine-biominerale.fr\/index.php\/wp-json\/wp\/v2\/comments?post=401"}],"version-history":[{"count":6,"href":"https:\/\/piscine-biominerale.fr\/index.php\/wp-json\/wp\/v2\/pages\/401\/revisions"}],"predecessor-version":[{"id":485,"href":"https:\/\/piscine-biominerale.fr\/index.php\/wp-json\/wp\/v2\/pages\/401\/revisions\/485"}],"wp:attachment":[{"href":"https:\/\/piscine-biominerale.fr\/index.php\/wp-json\/wp\/v2\/media?parent=401"}],"curies":[{"name":"wp","href":"https:\/\/api.w.org\/{rel}","templated":true}]}}