{"id":230,"date":"2026-03-01T18:52:25","date_gmt":"2026-03-01T18:52:25","guid":{"rendered":"https:\/\/piscine-biominerale.fr\/index.php\/nos-valeurs\/"},"modified":"2026-03-15T14:48:31","modified_gmt":"2026-03-15T14:48:31","slug":"nos-valeurs","status":"publish","type":"page","link":"https:\/\/piscine-biominerale.fr\/index.php\/nos-valeurs\/","title":{"rendered":"Nos valeurs"},"content":{"rendered":"\n<div class=\"wp-block-group alignfull superbthemes-navigation-004 is-layout-flow wp-block-group-is-layout-flow\" style=\"margin-top:0;margin-bottom:0;padding-top:0;padding-bottom:0\">\n<div class=\"wp-block-cover is-light\" style=\"margin-top:0;margin-bottom:0;padding-top:0;padding-right:0;padding-bottom:0;padding-left:0;min-height:100vh;aspect-ratio:unset;\"><img loading=\"lazy\" decoding=\"async\" width=\"2560\" height=\"1709\" data-attachment-id=\"380\" data-permalink=\"https:\/\/piscine-biominerale.fr\/index.php\/nos-valeurs\/tswim-nos-valeurs\/\" data-orig-file=\"https:\/\/piscine-biominerale.fr\/wp-content\/uploads\/2026\/03\/Tswim-nos-valeurs-scaled.jpg\" data-orig-size=\"2560,1709\" data-comments-opened=\"1\" data-image-meta=\"{&quot;aperture&quot;:&quot;0&quot;,&quot;credit&quot;:&quot;&quot;,&quot;camera&quot;:&quot;&quot;,&quot;caption&quot;:&quot;&quot;,&quot;created_timestamp&quot;:&quot;0&quot;,&quot;copyright&quot;:&quot;&quot;,&quot;focal_length&quot;:&quot;0&quot;,&quot;iso&quot;:&quot;0&quot;,&quot;shutter_speed&quot;:&quot;0&quot;,&quot;title&quot;:&quot;&quot;,&quot;orientation&quot;:&quot;0&quot;}\" data-image-title=\"Tswim-nos valeurs\" data-image-description=\"\" data-image-caption=\"\" data-medium-file=\"https:\/\/piscine-biominerale.fr\/wp-content\/uploads\/2026\/03\/Tswim-nos-valeurs-300x200.jpg\" data-large-file=\"https:\/\/piscine-biominerale.fr\/wp-content\/uploads\/2026\/03\/Tswim-nos-valeurs-1024x684.jpg\" class=\"wp-block-cover__image-background wp-image-380 size-full\" alt=\"\" src=\"https:\/\/piscine-biominerale.fr\/wp-content\/uploads\/2026\/03\/Tswim-nos-valeurs-scaled.jpg\" data-object-fit=\"cover\" srcset=\"https:\/\/piscine-biominerale.fr\/wp-content\/uploads\/2026\/03\/Tswim-nos-valeurs-scaled.jpg 2560w, https:\/\/piscine-biominerale.fr\/wp-content\/uploads\/2026\/03\/Tswim-nos-valeurs-300x200.jpg 300w, https:\/\/piscine-biominerale.fr\/wp-content\/uploads\/2026\/03\/Tswim-nos-valeurs-1024x684.jpg 1024w, https:\/\/piscine-biominerale.fr\/wp-content\/uploads\/2026\/03\/Tswim-nos-valeurs-768x513.jpg 768w, https:\/\/piscine-biominerale.fr\/wp-content\/uploads\/2026\/03\/Tswim-nos-valeurs-1536x1025.jpg 1536w, https:\/\/piscine-biominerale.fr\/wp-content\/uploads\/2026\/03\/Tswim-nos-valeurs-2048x1367.jpg 2048w\" sizes=\"auto, (max-width: 2560px) 100vw, 2560px\" \/><span aria-hidden=\"true\" class=\"wp-block-cover__background has-background-dim-10 has-background-dim\" style=\"background-color:#928672\"><\/span><div class=\"wp-block-cover__inner-container is-layout-flow wp-container-core-cover-is-layout-6aa38960 wp-block-cover-is-layout-flow\">\n<div class=\"wp-block-group alignwide has-global-padding is-layout-constrained wp-container-core-group-is-layout-7153206a wp-block-group-is-layout-constrained\" style=\"margin-top:var(--wp--preset--spacing--superbspacing-small);margin-bottom:var(--wp--preset--spacing--superbspacing-small);padding-top:var(--wp--preset--spacing--superbspacing-xxlarge);padding-bottom:var(--wp--preset--spacing--superbspacing-xxlarge)\">\n<h1 class=\"wp-block-heading alignfull has-text-align-center has-contrast-light-color has-text-color\" style=\"padding-top:var(--wp--preset--spacing--superbspacing-xxlarge);padding-right:var(--wp--preset--spacing--superbspacing-small);padding-bottom:0;padding-left:var(--wp--preset--spacing--superbspacing-small);font-size:clamp(39.963px, 2.498rem + ((1vw - 3.2px) * 3.981), 75px);line-height:1.2\">\u201c nous croyons d&rsquo;abord au bon sens \u201d<\/h1>\n<\/div>\n<\/div><\/div>\n<\/div>\n\n\n\n<div class=\"wp-block-group alignfull has-mono-4-background-color has-background has-global-padding is-layout-constrained wp-container-core-group-is-layout-c3433f61 wp-block-group-is-layout-constrained\" style=\"margin-top:0;margin-bottom:0;padding-top:var(--wp--preset--spacing--superbspacing-xxlarge);padding-right:var(--wp--preset--spacing--superbspacing-small);padding-bottom:var(--wp--preset--spacing--superbspacing-xxlarge);padding-left:var(--wp--preset--spacing--superbspacing-small)\">\n<h3 class=\"wp-block-heading has-text-align-center has-superbfont-xlarge-font-size\" style=\"margin-top:0;margin-bottom:0;font-style:normal;font-weight:600\">Histoire de valeurs<\/h3>\n\n\n\n<p class=\"has-text-align-center has-mono-2-color has-text-color has-superbfont-small-font-size\" style=\"margin-top:var(--wp--preset--spacing--superbspacing-xxsmall);margin-bottom:var(--wp--preset--spacing--superbspacing-xxsmall)\">Nous privil\u00e9gions la transparence et la clart\u00e9, convaincus qu\u2019une relation de confiance est la base de tout projet r\u00e9ussi.<\/p>\n\n\n\n<p>Nous croyons d\u2019abord au bon sens.<br>Celui qui consiste \u00e0 regarder les choses telles qu\u2019elles sont, \u00e0 \u00e9couter, \u00e0 observer et \u00e0 d\u00e9cider avec lucidit\u00e9. Le bon sens n\u2019est pas une simplification du monde : c\u2019est une mani\u00e8re de rester ancr\u00e9 dans le r\u00e9el et d\u2019agir avec justesse.<\/p>\n\n\n\n<p>Le respect guide chacune de nos actions.<br>Respect des personnes, de leur histoire, de leurs besoins et de leurs usages. Respect des lieux aussi : chaque espace poss\u00e8de une identit\u00e9, une m\u00e9moire et un \u00e9quilibre qu\u2019il faut comprendre avant d\u2019intervenir.<\/p>\n\n\n\n<p>Nous cherchons l\u2019harmonie avec la nature plut\u00f4t que la domination.<br>La nature n\u2019est pas un d\u00e9cor que l\u2019on impose \u00e0 notre image. Elle est un syst\u00e8me vivant dont nous faisons partie. Travailler avec elle, c\u2019est accepter ses rythmes, ses contraintes et ses richesses pour cr\u00e9er des lieux durables et vivants.<\/p>\n\n\n\n<p>Le bien-\u00eatre est au c\u0153ur de notre d\u00e9marche.<br>Un lieu doit apporter plus qu\u2019une fonction : il doit offrir un \u00e9quilibre, une respiration, une qualit\u00e9 de vie. Les espaces que nous imaginons doivent \u00eatre accueillants, apaisants et utiles au quotidien.<\/p>\n\n\n\n<p>Nous croyons aussi \u00e0 la responsabilit\u00e9 de la d\u00e9cision.<br>D\u00e9cider, c\u2019est choisir une direction, assumer des cons\u00e9quences et avancer avec coh\u00e9rence. Cela demande de la clart\u00e9, du courage et la capacit\u00e9 de rester fid\u00e8le \u00e0 ce qui est juste, m\u00eame lorsque c\u2019est plus exigeant.<\/p>\n\n\n\n<p>Enfin, nous cherchons la justesse.<br>La justesse dans les choix, dans les proportions, dans les relations humaines. C\u2019est souvent ce qui fait la diff\u00e9rence entre un projet simplement fonctionnel et un lieu qui trouve naturellement sa place.<\/p>\n\n\n\n<p>Nos valeurs ne sont pas des slogans.<br>Elles sont une mani\u00e8re d\u2019agir, de travailler et de construire des projets qui ont du sens dans le temps.<\/p>\n\n\n\n<figure class=\"wp-block-gallery has-nested-images columns-default is-cropped wp-block-gallery-1 is-layout-flex wp-block-gallery-is-layout-flex\">\n<figure class=\"wp-block-image size-large has-custom-border\"><img loading=\"lazy\" decoding=\"async\" width=\"683\" height=\"1024\" data-attachment-id=\"256\" data-permalink=\"https:\/\/piscine-biominerale.fr\/index.php\/nos-valeurs\/tswim-filtration-biologique-valeur-1\/\" data-orig-file=\"https:\/\/piscine-biominerale.fr\/wp-content\/uploads\/2026\/03\/tswim-filtration-biologique-valeur-1.jpg\" data-orig-size=\"1536,2303\" data-comments-opened=\"1\" data-image-meta=\"{&quot;aperture&quot;:&quot;0&quot;,&quot;credit&quot;:&quot;&quot;,&quot;camera&quot;:&quot;&quot;,&quot;caption&quot;:&quot;&quot;,&quot;created_timestamp&quot;:&quot;0&quot;,&quot;copyright&quot;:&quot;&quot;,&quot;focal_length&quot;:&quot;0&quot;,&quot;iso&quot;:&quot;0&quot;,&quot;shutter_speed&quot;:&quot;0&quot;,&quot;title&quot;:&quot;&quot;,&quot;orientation&quot;:&quot;0&quot;}\" data-image-title=\"tswim-filtration biologique-valeur 1\" data-image-description=\"\" data-image-caption=\"\" data-medium-file=\"https:\/\/piscine-biominerale.fr\/wp-content\/uploads\/2026\/03\/tswim-filtration-biologique-valeur-1-200x300.jpg\" data-large-file=\"https:\/\/piscine-biominerale.fr\/wp-content\/uploads\/2026\/03\/tswim-filtration-biologique-valeur-1-683x1024.jpg\" data-id=\"256\" src=\"https:\/\/piscine-biominerale.fr\/wp-content\/uploads\/2026\/03\/tswim-filtration-biologique-valeur-1-683x1024.jpg\" alt=\"\" class=\"wp-image-256\" style=\"border-radius:5px\" srcset=\"https:\/\/piscine-biominerale.fr\/wp-content\/uploads\/2026\/03\/tswim-filtration-biologique-valeur-1-683x1024.jpg 683w, https:\/\/piscine-biominerale.fr\/wp-content\/uploads\/2026\/03\/tswim-filtration-biologique-valeur-1-200x300.jpg 200w, https:\/\/piscine-biominerale.fr\/wp-content\/uploads\/2026\/03\/tswim-filtration-biologique-valeur-1-768x1152.jpg 768w, https:\/\/piscine-biominerale.fr\/wp-content\/uploads\/2026\/03\/tswim-filtration-biologique-valeur-1-1024x1536.jpg 1024w, https:\/\/piscine-biominerale.fr\/wp-content\/uploads\/2026\/03\/tswim-filtration-biologique-valeur-1-1366x2048.jpg 1366w, https:\/\/piscine-biominerale.fr\/wp-content\/uploads\/2026\/03\/tswim-filtration-biologique-valeur-1.jpg 1536w\" sizes=\"auto, (max-width: 683px) 100vw, 683px\" \/><\/figure>\n\n\n\n<figure class=\"wp-block-image size-large has-custom-border\"><img decoding=\"async\" data-id=\"616\" src=\"https:\/\/piscine-biominerale.fr\/wp-content\/uploads\/2026\/03\/tftpp-layout-19-2.jpg\" alt=\"\" class=\"wp-image-616\" style=\"border-radius:5px\"\/><\/figure>\n\n\n\n<figure class=\"wp-block-image size-large has-custom-border\"><img decoding=\"async\" data-id=\"616\" src=\"https:\/\/piscine-biominerale.fr\/wp-content\/uploads\/2026\/03\/tfpp-layout-19-3.jpg\" alt=\"\" class=\"wp-image-616\" style=\"border-radius:5px\"\/><\/figure>\n\n\n\n<figure class=\"wp-block-image size-large has-custom-border\"><img decoding=\"async\" data-id=\"616\" src=\"https:\/\/piscine-biominerale.fr\/wp-content\/uploads\/2026\/03\/tfpp-layout-19-4.jpg\" alt=\"\" class=\"wp-image-616\" style=\"border-radius:5px\"\/><\/figure>\n\n\n\n<figure class=\"wp-block-image size-large has-custom-border\"><img decoding=\"async\" data-id=\"617\" src=\"https:\/\/piscine-biominerale.fr\/wp-content\/uploads\/2026\/03\/tfpp-layout-19-5.jpg\" alt=\"\" class=\"wp-image-617\" style=\"border-radius:5px\"\/><\/figure>\n\n\n\n<figure class=\"wp-block-image size-large has-custom-border\"><img decoding=\"async\" data-id=\"617\" src=\"https:\/\/piscine-biominerale.fr\/wp-content\/uploads\/2026\/03\/tfpp-layout-19-6.jpg\" alt=\"\" class=\"wp-image-617\" style=\"border-radius:5px\"\/><\/figure>\n\n\n\n<figure class=\"wp-block-image size-large has-custom-border\"><img decoding=\"async\" data-id=\"617\" src=\"https:\/\/piscine-biominerale.fr\/wp-content\/uploads\/2026\/03\/tfpp-layout-19-7.jpg\" alt=\"\" class=\"wp-image-617\" style=\"border-radius:5px\"\/><\/figure>\n\n\n\n<figure class=\"wp-block-image size-large has-custom-border\"><img decoding=\"async\" data-id=\"617\" src=\"https:\/\/piscine-biominerale.fr\/wp-content\/uploads\/2026\/03\/tfpp-layout-19-8.jpg\" alt=\"\" class=\"wp-image-617\" style=\"border-radius:5px\"\/><\/figure>\n<\/figure>\n\n\n\n<figure class=\"wp-block-image aligncenter size-full is-resized\"><img loading=\"lazy\" decoding=\"async\" width=\"1024\" height=\"1024\" data-attachment-id=\"466\" data-permalink=\"https:\/\/piscine-biominerale.fr\/?attachment_id=466\" data-orig-file=\"https:\/\/piscine-biominerale.fr\/wp-content\/uploads\/2026\/02\/SG-logo-1.png\" data-orig-size=\"1024,1024\" data-comments-opened=\"1\" data-image-meta=\"{&quot;aperture&quot;:&quot;0&quot;,&quot;credit&quot;:&quot;&quot;,&quot;camera&quot;:&quot;&quot;,&quot;caption&quot;:&quot;&quot;,&quot;created_timestamp&quot;:&quot;0&quot;,&quot;copyright&quot;:&quot;&quot;,&quot;focal_length&quot;:&quot;0&quot;,&quot;iso&quot;:&quot;0&quot;,&quot;shutter_speed&quot;:&quot;0&quot;,&quot;title&quot;:&quot;&quot;,&quot;orientation&quot;:&quot;0&quot;}\" data-image-title=\"SG-logo\" data-image-description=\"\" data-image-caption=\"\" data-medium-file=\"https:\/\/piscine-biominerale.fr\/wp-content\/uploads\/2026\/02\/SG-logo-1-300x300.png\" data-large-file=\"https:\/\/piscine-biominerale.fr\/wp-content\/uploads\/2026\/02\/SG-logo-1.png\" src=\"https:\/\/piscine-biominerale.fr\/wp-content\/uploads\/2026\/02\/SG-logo-1.png\" alt=\"\" class=\"wp-image-466\" style=\"width:303px;height:auto\" srcset=\"https:\/\/piscine-biominerale.fr\/wp-content\/uploads\/2026\/02\/SG-logo-1.png 1024w, https:\/\/piscine-biominerale.fr\/wp-content\/uploads\/2026\/02\/SG-logo-1-300x300.png 300w, https:\/\/piscine-biominerale.fr\/wp-content\/uploads\/2026\/02\/SG-logo-1-150x150.png 150w, https:\/\/piscine-biominerale.fr\/wp-content\/uploads\/2026\/02\/SG-logo-1-768x768.png 768w\" sizes=\"auto, (max-width: 1024px) 100vw, 1024px\" \/><\/figure>\n<\/div>\n\n\n\n<div class=\"wp-block-group alignfull cta-006 has-global-padding is-layout-constrained wp-container-core-group-is-layout-fc4765dc wp-block-group-is-layout-constrained has-background\" style=\"margin-top:0;margin-bottom:0;padding-top:var(--wp--preset--spacing--superbspacing-xxlarge);padding-right:var(--wp--preset--spacing--superbspacing-small);padding-bottom:var(--wp--preset--spacing--superbspacing-xxlarge);padding-left:var(--wp--preset--spacing--superbspacing-small);background-image:url(&apos;https:\/\/piscine-biominerale.fr\/wp-content\/uploads\/2026\/03\/tfpp-cta-006.jpg&apos;);background-size:cover;\">\n<div class=\"wp-block-columns are-vertically-aligned-center is-layout-flex wp-container-core-columns-is-layout-5e265515 wp-block-columns-is-layout-flex\">\n<div class=\"wp-block-column is-vertically-aligned-center has-text-color is-layout-flow wp-block-column-is-layout-flow\" style=\"color:#fdfdfd;font-size:clamp(43.728px, 2.733rem + ((1vw - 3.2px) * 4.576), 84px);flex-basis:50%\">\n<div class=\"wp-block-group has-global-padding is-content-justification-left is-layout-constrained wp-container-core-group-is-layout-7526a028 wp-block-group-is-layout-constrained\">\n<h2 class=\"wp-block-heading has-text-align-left has-text-color has-superbfont-xxlarge-font-size\" style=\"color:#fdfdfd;line-height:1.1\">Une nouvelle vision &#8230;<\/h2>\n<\/div>\n<\/div>\n\n\n\n<div class=\"wp-block-column is-vertically-aligned-center is-layout-flow wp-block-column-is-layout-flow\" style=\"flex-basis:50%\"><\/div>\n<\/div>\n<\/div>\n\n\n\n<p class=\"has-text-align-center\">\u00c9changer avec nous, c\u2019est avant tout nous donner l\u2019opportunit\u00e9 de comprendre qui vous \u00eates et ce que vous souhaitez construire.<\/p>\n\n\n\n<div class=\"wp-block-buttons is-content-justification-center is-layout-flex wp-container-core-buttons-is-layout-a89b3969 wp-block-buttons-is-layout-flex\">\n<div class=\"wp-block-button\"><a class=\"wp-block-button__link has-text-align-center wp-element-button\" href=\"https:\/\/piscine-biominerale.fr\/index.php\/rencontre\/\">Rencontre<\/a><\/div>\n<\/div>\n","protected":false},"excerpt":{"rendered":"<p>Histoire de valeurs Nous privil\u00e9gions la transparence et la clart\u00e9, convaincus qu\u2019une relation de confiance est la base de tout projet r\u00e9ussi. Nous croyons d\u2019abord au bon sens.Celui qui consiste \u00e0 regarder les choses telles qu\u2019elles sont, \u00e0 \u00e9couter, \u00e0 observer et \u00e0 d\u00e9cider avec lucidit\u00e9. Le bon sens n\u2019est pas une simplification du monde [&hellip;]<\/p>\n","protected":false},"author":1,"featured_media":0,"parent":0,"menu_order":0,"comment_status":"closed","ping_status":"closed","template":"superbaddons-page-template","meta":{"jetpack_post_was_ever_published":false,"footnotes":""},"class_list":["post-230","page","type-page","status-publish","hentry"],"yoast_head":"<!-- This site is optimized with the Yoast SEO plugin v27.3 - https:\/\/yoast.com\/product\/yoast-seo-wordpress\/ -->\n<title>Nos valeurs - Piscine naturelle<\/title>\n<meta name=\"robots\" content=\"index, follow, max-snippet:-1, max-image-preview:large, max-video-preview:-1\" \/>\n<link rel=\"canonical\" href=\"https:\/\/piscine-biominerale.fr\/index.php\/nos-valeurs\/\" \/>\n<meta property=\"og:locale\" content=\"fr_FR\" \/>\n<meta property=\"og:type\" content=\"article\" \/>\n<meta property=\"og:title\" content=\"Nos valeurs - Piscine naturelle\" \/>\n<meta property=\"og:description\" content=\"Histoire de valeurs Nous privil\u00e9gions la transparence et la clart\u00e9, convaincus qu\u2019une relation de confiance est la base de tout projet r\u00e9ussi. Nous croyons d\u2019abord au bon sens.Celui qui consiste \u00e0 regarder les choses telles qu\u2019elles sont, \u00e0 \u00e9couter, \u00e0 observer et \u00e0 d\u00e9cider avec lucidit\u00e9. Le bon sens n\u2019est pas une simplification du monde [&hellip;]\" \/>\n<meta property=\"og:url\" content=\"https:\/\/piscine-biominerale.fr\/index.php\/nos-valeurs\/\" \/>\n<meta property=\"og:site_name\" content=\"Piscine naturelle\" \/>\n<meta property=\"article:modified_time\" content=\"2026-03-15T14:48:31+00:00\" \/>\n<meta property=\"og:image\" content=\"http:\/\/piscine-biominerale.fr\/wp-content\/uploads\/2026\/03\/tftpp-layout-19-1.jpg\" \/>\n<meta name=\"twitter:card\" content=\"summary_large_image\" \/>\n<meta name=\"twitter:label1\" content=\"Dur\u00e9e de lecture estim\u00e9e\" \/>\n\t<meta name=\"twitter:data1\" content=\"2 minutes\" \/>\n<script type=\"application\/ld+json\" class=\"yoast-schema-graph\">{\"@context\":\"https:\\\/\\\/schema.org\",\"@graph\":[{\"@type\":\"WebPage\",\"@id\":\"https:\\\/\\\/piscine-biominerale.fr\\\/index.php\\\/nos-valeurs\\\/\",\"url\":\"https:\\\/\\\/piscine-biominerale.fr\\\/index.php\\\/nos-valeurs\\\/\",\"name\":\"Nos valeurs - Piscine naturelle\",\"isPartOf\":{\"@id\":\"https:\\\/\\\/piscine-biominerale.fr\\\/#website\"},\"primaryImageOfPage\":{\"@id\":\"https:\\\/\\\/piscine-biominerale.fr\\\/index.php\\\/nos-valeurs\\\/#primaryimage\"},\"image\":{\"@id\":\"https:\\\/\\\/piscine-biominerale.fr\\\/index.php\\\/nos-valeurs\\\/#primaryimage\"},\"thumbnailUrl\":\"https:\\\/\\\/piscine-biominerale.fr\\\/wp-content\\\/uploads\\\/2026\\\/03\\\/Tswim-nos-valeurs-scaled.jpg\",\"datePublished\":\"2026-03-01T18:52:25+00:00\",\"dateModified\":\"2026-03-15T14:48:31+00:00\",\"breadcrumb\":{\"@id\":\"https:\\\/\\\/piscine-biominerale.fr\\\/index.php\\\/nos-valeurs\\\/#breadcrumb\"},\"inLanguage\":\"fr-FR\",\"potentialAction\":[{\"@type\":\"ReadAction\",\"target\":[\"https:\\\/\\\/piscine-biominerale.fr\\\/index.php\\\/nos-valeurs\\\/\"]}]},{\"@type\":\"ImageObject\",\"inLanguage\":\"fr-FR\",\"@id\":\"https:\\\/\\\/piscine-biominerale.fr\\\/index.php\\\/nos-valeurs\\\/#primaryimage\",\"url\":\"https:\\\/\\\/piscine-biominerale.fr\\\/wp-content\\\/uploads\\\/2026\\\/03\\\/Tswim-nos-valeurs-scaled.jpg\",\"contentUrl\":\"https:\\\/\\\/piscine-biominerale.fr\\\/wp-content\\\/uploads\\\/2026\\\/03\\\/Tswim-nos-valeurs-scaled.jpg\",\"width\":2560,\"height\":1709},{\"@type\":\"BreadcrumbList\",\"@id\":\"https:\\\/\\\/piscine-biominerale.fr\\\/index.php\\\/nos-valeurs\\\/#breadcrumb\",\"itemListElement\":[{\"@type\":\"ListItem\",\"position\":1,\"name\":\"Home\",\"item\":\"https:\\\/\\\/piscine-biominerale.fr\\\/\"},{\"@type\":\"ListItem\",\"position\":2,\"name\":\"Nos valeurs\"}]},{\"@type\":\"WebSite\",\"@id\":\"https:\\\/\\\/piscine-biominerale.fr\\\/#website\",\"url\":\"https:\\\/\\\/piscine-biominerale.fr\\\/\",\"name\":\"Bassin de baignade\",\"description\":\"\",\"publisher\":{\"@id\":\"https:\\\/\\\/piscine-biominerale.fr\\\/#organization\"},\"potentialAction\":[{\"@type\":\"SearchAction\",\"target\":{\"@type\":\"EntryPoint\",\"urlTemplate\":\"https:\\\/\\\/piscine-biominerale.fr\\\/?s={search_term_string}\"},\"query-input\":{\"@type\":\"PropertyValueSpecification\",\"valueRequired\":true,\"valueName\":\"search_term_string\"}}],\"inLanguage\":\"fr-FR\"},{\"@type\":\"Organization\",\"@id\":\"https:\\\/\\\/piscine-biominerale.fr\\\/#organization\",\"name\":\"Bassin de baignade\",\"url\":\"https:\\\/\\\/piscine-biominerale.fr\\\/\",\"logo\":{\"@type\":\"ImageObject\",\"inLanguage\":\"fr-FR\",\"@id\":\"https:\\\/\\\/piscine-biominerale.fr\\\/#\\\/schema\\\/logo\\\/image\\\/\",\"url\":\"https:\\\/\\\/piscine-biominerale.fr\\\/wp-content\\\/uploads\\\/2026\\\/02\\\/Tswim-logo-noir-et-blanc.png\",\"contentUrl\":\"https:\\\/\\\/piscine-biominerale.fr\\\/wp-content\\\/uploads\\\/2026\\\/02\\\/Tswim-logo-noir-et-blanc.png\",\"width\":1024,\"height\":1536,\"caption\":\"Bassin de baignade\"},\"image\":{\"@id\":\"https:\\\/\\\/piscine-biominerale.fr\\\/#\\\/schema\\\/logo\\\/image\\\/\"},\"sameAs\":[\"https:\\\/\\\/www.linkedin.com\\\/company\\\/t-swim\\\/?viewAsMember=true\",\"https:\\\/\\\/www.instagram.com\\\/tswim_filtration_biominerale\\\/\"]}]}<\/script>\n<!-- \/ Yoast SEO plugin. -->","yoast_head_json":{"title":"Nos valeurs - Piscine naturelle","robots":{"index":"index","follow":"follow","max-snippet":"max-snippet:-1","max-image-preview":"max-image-preview:large","max-video-preview":"max-video-preview:-1"},"canonical":"https:\/\/piscine-biominerale.fr\/index.php\/nos-valeurs\/","og_locale":"fr_FR","og_type":"article","og_title":"Nos valeurs - Piscine naturelle","og_description":"Histoire de valeurs Nous privil\u00e9gions la transparence et la clart\u00e9, convaincus qu\u2019une relation de confiance est la base de tout projet r\u00e9ussi. Nous croyons d\u2019abord au bon sens.Celui qui consiste \u00e0 regarder les choses telles qu\u2019elles sont, \u00e0 \u00e9couter, \u00e0 observer et \u00e0 d\u00e9cider avec lucidit\u00e9. Le bon sens n\u2019est pas une simplification du monde [&hellip;]","og_url":"https:\/\/piscine-biominerale.fr\/index.php\/nos-valeurs\/","og_site_name":"Piscine naturelle","article_modified_time":"2026-03-15T14:48:31+00:00","og_image":[{"url":"http:\/\/piscine-biominerale.fr\/wp-content\/uploads\/2026\/03\/tftpp-layout-19-1.jpg","type":"","width":"","height":""}],"twitter_card":"summary_large_image","twitter_misc":{"Dur\u00e9e de lecture estim\u00e9e":"2 minutes"},"schema":{"@context":"https:\/\/schema.org","@graph":[{"@type":"WebPage","@id":"https:\/\/piscine-biominerale.fr\/index.php\/nos-valeurs\/","url":"https:\/\/piscine-biominerale.fr\/index.php\/nos-valeurs\/","name":"Nos valeurs - Piscine naturelle","isPartOf":{"@id":"https:\/\/piscine-biominerale.fr\/#website"},"primaryImageOfPage":{"@id":"https:\/\/piscine-biominerale.fr\/index.php\/nos-valeurs\/#primaryimage"},"image":{"@id":"https:\/\/piscine-biominerale.fr\/index.php\/nos-valeurs\/#primaryimage"},"thumbnailUrl":"https:\/\/piscine-biominerale.fr\/wp-content\/uploads\/2026\/03\/Tswim-nos-valeurs-scaled.jpg","datePublished":"2026-03-01T18:52:25+00:00","dateModified":"2026-03-15T14:48:31+00:00","breadcrumb":{"@id":"https:\/\/piscine-biominerale.fr\/index.php\/nos-valeurs\/#breadcrumb"},"inLanguage":"fr-FR","potentialAction":[{"@type":"ReadAction","target":["https:\/\/piscine-biominerale.fr\/index.php\/nos-valeurs\/"]}]},{"@type":"ImageObject","inLanguage":"fr-FR","@id":"https:\/\/piscine-biominerale.fr\/index.php\/nos-valeurs\/#primaryimage","url":"https:\/\/piscine-biominerale.fr\/wp-content\/uploads\/2026\/03\/Tswim-nos-valeurs-scaled.jpg","contentUrl":"https:\/\/piscine-biominerale.fr\/wp-content\/uploads\/2026\/03\/Tswim-nos-valeurs-scaled.jpg","width":2560,"height":1709},{"@type":"BreadcrumbList","@id":"https:\/\/piscine-biominerale.fr\/index.php\/nos-valeurs\/#breadcrumb","itemListElement":[{"@type":"ListItem","position":1,"name":"Home","item":"https:\/\/piscine-biominerale.fr\/"},{"@type":"ListItem","position":2,"name":"Nos valeurs"}]},{"@type":"WebSite","@id":"https:\/\/piscine-biominerale.fr\/#website","url":"https:\/\/piscine-biominerale.fr\/","name":"Bassin de baignade","description":"","publisher":{"@id":"https:\/\/piscine-biominerale.fr\/#organization"},"potentialAction":[{"@type":"SearchAction","target":{"@type":"EntryPoint","urlTemplate":"https:\/\/piscine-biominerale.fr\/?s={search_term_string}"},"query-input":{"@type":"PropertyValueSpecification","valueRequired":true,"valueName":"search_term_string"}}],"inLanguage":"fr-FR"},{"@type":"Organization","@id":"https:\/\/piscine-biominerale.fr\/#organization","name":"Bassin de baignade","url":"https:\/\/piscine-biominerale.fr\/","logo":{"@type":"ImageObject","inLanguage":"fr-FR","@id":"https:\/\/piscine-biominerale.fr\/#\/schema\/logo\/image\/","url":"https:\/\/piscine-biominerale.fr\/wp-content\/uploads\/2026\/02\/Tswim-logo-noir-et-blanc.png","contentUrl":"https:\/\/piscine-biominerale.fr\/wp-content\/uploads\/2026\/02\/Tswim-logo-noir-et-blanc.png","width":1024,"height":1536,"caption":"Bassin de baignade"},"image":{"@id":"https:\/\/piscine-biominerale.fr\/#\/schema\/logo\/image\/"},"sameAs":["https:\/\/www.linkedin.com\/company\/t-swim\/?viewAsMember=true","https:\/\/www.instagram.com\/tswim_filtration_biominerale\/"]}]}},"jetpack_sharing_enabled":true,"_links":{"self":[{"href":"https:\/\/piscine-biominerale.fr\/index.php\/wp-json\/wp\/v2\/pages\/230","targetHints":{"allow":["GET"]}}],"collection":[{"href":"https:\/\/piscine-biominerale.fr\/index.php\/wp-json\/wp\/v2\/pages"}],"about":[{"href":"https:\/\/piscine-biominerale.fr\/index.php\/wp-json\/wp\/v2\/types\/page"}],"author":[{"embeddable":true,"href":"https:\/\/piscine-biominerale.fr\/index.php\/wp-json\/wp\/v2\/users\/1"}],"replies":[{"embeddable":true,"href":"https:\/\/piscine-biominerale.fr\/index.php\/wp-json\/wp\/v2\/comments?post=230"}],"version-history":[{"count":10,"href":"https:\/\/piscine-biominerale.fr\/index.php\/wp-json\/wp\/v2\/pages\/230\/revisions"}],"predecessor-version":[{"id":483,"href":"https:\/\/piscine-biominerale.fr\/index.php\/wp-json\/wp\/v2\/pages\/230\/revisions\/483"}],"wp:attachment":[{"href":"https:\/\/piscine-biominerale.fr\/index.php\/wp-json\/wp\/v2\/media?parent=230"}],"curies":[{"name":"wp","href":"https:\/\/api.w.org\/{rel}","templated":true}]}}